{"id":30,"date":"2024-10-20T19:59:52","date_gmt":"2024-10-20T19:59:52","guid":{"rendered":"https:\/\/roypa.com.ve\/?page_id=30"},"modified":"2025-10-30T11:46:11","modified_gmt":"2025-10-30T11:46:11","slug":"acerca-de-nosotros","status":"publish","type":"page","link":"https:\/\/roypa.com.ve\/index.php\/acerca-de-nosotros\/","title":{"rendered":"Acerca de Nosotros"},"content":{"rendered":"\n<p class=\"has-text-align-left wp-block-paragraph\"><\/p>\n\n\n<p style=\"text-align: justify;\">INVERSIONES ROYPA, S. A. inici\u00f3 sus actividades con el prop\u00f3sito de prestar servicios y cubrir las necesidades de la industria petrolera nacional e internacional, adapt\u00e1ndose a las necesidades y exigencias del mercado, adquiriendo y aplicando tecnolog\u00eda de punta en sus procesos. Desde sus inicios la Empresa cuenta con un personal altamente calificado y especializado y en continuo entrenamiento y en desarrollo de nuevos rubros y tecnolog\u00edas, ofreciendo soluciones de ingenier\u00edas adaptadas a las necesidades de nuestros clientes en el desarrollo de proyectos competentes en Calidad, Costo y Tiempo.<\/p>\n<p style=\"text-align: justify;\">Con m\u00e1s de 28 a\u00f1os de fundada, la empresa a adquirido y desarrollado una gran experiencia, pericia y conocimiento en las diferentes \u00e1reas de trabajo en las que se desarrolla (Petrolera, Industrial y Comercial) englobando el suministro general de bienes, insumos, materiales y servicios por medio de proveedores nacionales e internacionales, abarcando los procesos de Compra, Inspecci\u00f3n, Log\u00edstica aduanal, Almacenaje, transporte, Nacionalizaci\u00f3n y entrega final, de acuerdo a las necesidades de nuestros clientes. Adem\u00e1s, servicios de mantenimiento y operaci\u00f3n, en conformidad con las necesidades de nuestros clientes y garantizando la confiable finalizaci\u00f3n de los proyectos.<\/p>\n<p style=\"text-align: justify;\">Entre las \u00e1reas de trabajo destaca el desarrollo y ejecuci\u00f3n de IPC de plantas de fluidos de perforaci\u00f3n; Desarrollo de ingenier\u00eda y construcci\u00f3n de tanques de almacenamiento de diferentes capacidades; Construcci\u00f3n de Oleoductos, Gasoductos y l\u00edneas de Gas Lift; Fabricaci\u00f3n y mantenimiento de equipos de procesos; Fabricaci\u00f3n y construcci\u00f3n de estructuras met\u00e1licas; Servicio de soldadura Mig\/Mag; Mecanizado CNC y Corte por plasma CNC; Sandblasting\u00a0 y pintura; Servicio de izaje y transporte pesado, entre otros.<\/p>\n\n\n<p class=\"wp-block-paragraph\"><\/p>\n","protected":false},"excerpt":{"rendered":"<p>INVERSIONES ROYPA, S. A. inici\u00f3 sus actividades con el prop\u00f3sito de prestar servicios y cubrir las necesidades de la industria petrolera nacional e internacional, adapt\u00e1ndose a las necesidades y exigencias del mercado, adquiriendo y aplicando tecnolog\u00eda de punta en sus procesos. Desde sus inicios la Empresa cuenta con un personal altamente calificado y especializado y [&hellip;]<\/p>\n","protected":false},"author":1,"featured_media":151,"parent":0,"menu_order":0,"comment_status":"closed","ping_status":"closed","template":"","meta":{"_crdt_document":"","footnotes":""},"class_list":["post-30","page","type-page","status-publish","has-post-thumbnail","hentry"],"_links":{"self":[{"href":"https:\/\/roypa.com.ve\/index.php\/wp-json\/wp\/v2\/pages\/30","targetHints":{"allow":["GET"]}}],"collection":[{"href":"https:\/\/roypa.com.ve\/index.php\/wp-json\/wp\/v2\/pages"}],"about":[{"href":"https:\/\/roypa.com.ve\/index.php\/wp-json\/wp\/v2\/types\/page"}],"author":[{"embeddable":true,"href":"https:\/\/roypa.com.ve\/index.php\/wp-json\/wp\/v2\/users\/1"}],"replies":[{"embeddable":true,"href":"https:\/\/roypa.com.ve\/index.php\/wp-json\/wp\/v2\/comments?post=30"}],"version-history":[{"count":24,"href":"https:\/\/roypa.com.ve\/index.php\/wp-json\/wp\/v2\/pages\/30\/revisions"}],"predecessor-version":[{"id":815,"href":"https:\/\/roypa.com.ve\/index.php\/wp-json\/wp\/v2\/pages\/30\/revisions\/815"}],"wp:featuredmedia":[{"embeddable":true,"href":"https:\/\/roypa.com.ve\/index.php\/wp-json\/wp\/v2\/media\/151"}],"wp:attachment":[{"href":"https:\/\/roypa.com.ve\/index.php\/wp-json\/wp\/v2\/media?parent=30"}],"curies":[{"name":"wp","href":"https:\/\/api.w.org\/{rel}","templated":true}]}}