{"id":550,"date":"2025-06-06T12:50:46","date_gmt":"2025-06-06T12:50:46","guid":{"rendered":"https:\/\/roypa.com.ve\/?page_id=550"},"modified":"2025-10-29T19:01:37","modified_gmt":"2025-10-29T19:01:37","slug":"proyectos-2","status":"publish","type":"page","link":"https:\/\/roypa.com.ve\/index.php\/proyectos-2\/","title":{"rendered":"Proyectos"},"content":{"rendered":"\n<p class=\"wp-block-paragraph\"><a href=\"https:\/\/roypa.com.ve\/index.php\/tendidos-de-tuberia-conexion-a-pozos\/\" data-type=\"page\" data-id=\"552\">Tendidos de Tuber\u00eda \/ Conexi\u00f3n a Pozos<\/a><\/p>\n\n\n\n<p class=\"wp-block-paragraph\"><a href=\"https:\/\/roypa.com.ve\/index.php\/tanques-de-almacenamiento\/\" data-type=\"page\" data-id=\"429\">Tanques de almacenamiento<\/a><\/p>\n\n\n\n<p class=\"wp-block-paragraph\"><a href=\"https:\/\/roypa.com.ve\/index.php\/estructuras-metalicas\/\" data-type=\"page\" data-id=\"565\">Estructuras Met\u00e1licas<\/a><\/p>\n\n\n\n<p class=\"wp-block-paragraph\"><a href=\"https:\/\/roypa.com.ve\/index.php\/ipc\/\" data-type=\"page\" data-id=\"561\">IPC<\/a><\/p>\n\n\n\n<p class=\"wp-block-paragraph\"><a href=\"https:\/\/roypa.com.ve\/index.php\/recipientes-a-presion\/\" data-type=\"page\" data-id=\"570\">Recipientes a Presi\u00f3n<\/a><\/p>\n\n\n\n<p class=\"wp-block-paragraph\"><\/p>\n","protected":false},"excerpt":{"rendered":"<p>Tendidos de Tuber\u00eda \/ Conexi\u00f3n a Pozos Tanques de almacenamiento Estructuras Met\u00e1licas IPC Recipientes a Presi\u00f3n<\/p>\n","protected":false},"author":1,"featured_media":0,"parent":0,"menu_order":0,"comment_status":"closed","ping_status":"closed","template":"","meta":{"_crdt_document":"","footnotes":""},"class_list":["post-550","page","type-page","status-publish","hentry"],"_links":{"self":[{"href":"https:\/\/roypa.com.ve\/index.php\/wp-json\/wp\/v2\/pages\/550","targetHints":{"allow":["GET"]}}],"collection":[{"href":"https:\/\/roypa.com.ve\/index.php\/wp-json\/wp\/v2\/pages"}],"about":[{"href":"https:\/\/roypa.com.ve\/index.php\/wp-json\/wp\/v2\/types\/page"}],"author":[{"embeddable":true,"href":"https:\/\/roypa.com.ve\/index.php\/wp-json\/wp\/v2\/users\/1"}],"replies":[{"embeddable":true,"href":"https:\/\/roypa.com.ve\/index.php\/wp-json\/wp\/v2\/comments?post=550"}],"version-history":[{"count":5,"href":"https:\/\/roypa.com.ve\/index.php\/wp-json\/wp\/v2\/pages\/550\/revisions"}],"predecessor-version":[{"id":798,"href":"https:\/\/roypa.com.ve\/index.php\/wp-json\/wp\/v2\/pages\/550\/revisions\/798"}],"wp:attachment":[{"href":"https:\/\/roypa.com.ve\/index.php\/wp-json\/wp\/v2\/media?parent=550"}],"curies":[{"name":"wp","href":"https:\/\/api.w.org\/{rel}","templated":true}]}}