{"id":715,"date":"2025-10-08T14:17:36","date_gmt":"2025-10-08T14:17:36","guid":{"rendered":"https:\/\/roypa.com.ve\/?page_id=715"},"modified":"2025-10-08T14:21:59","modified_gmt":"2025-10-08T14:21:59","slug":"ingenieria-y-fabricacion-de-modulos-escolares-a-2-y-4-aguas-para-el-grupo-santa-ana-g-s-a","status":"publish","type":"page","link":"https:\/\/roypa.com.ve\/index.php\/ingenieria-y-fabricacion-de-modulos-escolares-a-2-y-4-aguas-para-el-grupo-santa-ana-g-s-a\/","title":{"rendered":"Ingenier\u00eda y Fabricaci\u00f3n de M\u00f3dulos escolares a 2 y 4 aguas para el Grupo Santa Ana (G.S.A)"},"content":{"rendered":"\n<p class=\"has-text-align-center wp-block-paragraph\"><strong>Ingenier\u00eda y Fabricaci\u00f3n de M\u00f3dulos escolares a 2 y 4 aguas para el Grupo Santa Ana (G.S.A)<\/strong><\/p>\n\n\n\n<div class=\"alignnormal\"><div id=\"metaslider-id-717\" style=\"width: 100%;\" class=\"ml-slider-3-107-0 metaslider metaslider-flex metaslider-717 ml-slider has-dots-nav ms-theme-default-base\" role=\"region\" aria-label=\"MODULOS ESCOLARES\" data-height=\"300\" data-width=\"700\">\n    <div id=\"metaslider_container_717\">\n        <div id=\"metaslider_717\">\n            <ul aria-live='off' class='slides'>\n                <li style=\"display: block; width: 100%;\" class=\"slide-742 ms-image \" aria-roledescription=\"slide\" data-date=\"2025-10-08 14:14:35\" data-filename=\"MODULO-2-AGUAS-Y-4-AGUAS-COLEGIO.png\" data-slide-type=\"image\"><img loading=\"lazy\" decoding=\"async\" width=\"1024\" height=\"569\" src=\"https:\/\/roypa.com.ve\/wp-content\/uploads\/2025\/10\/MODULO-2-AGUAS-Y-4-AGUAS-COLEGIO.png\" class=\"slider-717 slide-742 msDefaultImage\" alt=\"\" rel=\"\" title=\"MODULO 2 AGUAS Y 4 AGUAS COLEGIO\" srcset=\"https:\/\/roypa.com.ve\/wp-content\/uploads\/2025\/10\/MODULO-2-AGUAS-Y-4-AGUAS-COLEGIO.png 1024w, https:\/\/roypa.com.ve\/wp-content\/uploads\/2025\/10\/MODULO-2-AGUAS-Y-4-AGUAS-COLEGIO-300x167.png 300w, https:\/\/roypa.com.ve\/wp-content\/uploads\/2025\/10\/MODULO-2-AGUAS-Y-4-AGUAS-COLEGIO-768x427.png 768w\" sizes=\"auto, (max-width: 1024px) 100vw, 1024px\" \/><\/li>\n                <li style=\"display: none; width: 100%;\" class=\"slide-740 ms-image \" aria-roledescription=\"slide\" data-date=\"2025-10-08 14:09:10\" data-filename=\"PLANO-GENERALrev1.png\" data-slide-type=\"image\"><img loading=\"lazy\" decoding=\"async\" width=\"1024\" height=\"724\" src=\"https:\/\/roypa.com.ve\/wp-content\/uploads\/2025\/10\/PLANO-GENERALrev1.png\" class=\"slider-717 slide-740 msDefaultImage\" alt=\"\" rel=\"\" title=\"PLANO GENERALrev1\" srcset=\"https:\/\/roypa.com.ve\/wp-content\/uploads\/2025\/10\/PLANO-GENERALrev1.png 1024w, https:\/\/roypa.com.ve\/wp-content\/uploads\/2025\/10\/PLANO-GENERALrev1-300x212.png 300w, https:\/\/roypa.com.ve\/wp-content\/uploads\/2025\/10\/PLANO-GENERALrev1-768x543.png 768w\" sizes=\"auto, (max-width: 1024px) 100vw, 1024px\" \/><\/li>\n                <li style=\"display: none; width: 100%;\" class=\"slide-732 ms-image \" aria-roledescription=\"slide\" data-date=\"2025-10-08 14:06:44\" data-filename=\"20190416_141934.jpg\" data-slide-type=\"image\"><img loading=\"lazy\" decoding=\"async\" width=\"1024\" height=\"768\" src=\"https:\/\/roypa.com.ve\/wp-content\/uploads\/2025\/10\/20190416_141934.jpg\" class=\"slider-717 slide-732 msDefaultImage\" alt=\"\" rel=\"\" title=\"20190416_141934\" srcset=\"https:\/\/roypa.com.ve\/wp-content\/uploads\/2025\/10\/20190416_141934.jpg 1024w, https:\/\/roypa.com.ve\/wp-content\/uploads\/2025\/10\/20190416_141934-300x225.jpg 300w, https:\/\/roypa.com.ve\/wp-content\/uploads\/2025\/10\/20190416_141934-768x576.jpg 768w\" sizes=\"auto, (max-width: 1024px) 100vw, 1024px\" \/><\/li>\n                <li style=\"display: none; width: 100%;\" class=\"slide-726 ms-image \" aria-roledescription=\"slide\" data-date=\"2025-10-08 14:06:15\" data-filename=\"20190107_112447.jpg\" data-slide-type=\"image\"><img loading=\"lazy\" decoding=\"async\" width=\"1024\" height=\"498\" src=\"https:\/\/roypa.com.ve\/wp-content\/uploads\/2025\/10\/20190107_112447.jpg\" class=\"slider-717 slide-726 msDefaultImage\" alt=\"\" rel=\"\" title=\"20190107_112447\" srcset=\"https:\/\/roypa.com.ve\/wp-content\/uploads\/2025\/10\/20190107_112447.jpg 1024w, https:\/\/roypa.com.ve\/wp-content\/uploads\/2025\/10\/20190107_112447-300x146.jpg 300w, https:\/\/roypa.com.ve\/wp-content\/uploads\/2025\/10\/20190107_112447-768x374.jpg 768w\" sizes=\"auto, (max-width: 1024px) 100vw, 1024px\" \/><\/li>\n                <li style=\"display: none; width: 100%;\" class=\"slide-735 ms-image \" aria-roledescription=\"slide\" data-date=\"2025-10-08 14:06:44\" data-filename=\"20190107_110023.jpg\" data-slide-type=\"image\"><img loading=\"lazy\" decoding=\"async\" width=\"1024\" height=\"498\" src=\"https:\/\/roypa.com.ve\/wp-content\/uploads\/2025\/10\/20190107_110023.jpg\" class=\"slider-717 slide-735 msDefaultImage\" alt=\"\" rel=\"\" title=\"20190107_110023\" srcset=\"https:\/\/roypa.com.ve\/wp-content\/uploads\/2025\/10\/20190107_110023.jpg 1024w, https:\/\/roypa.com.ve\/wp-content\/uploads\/2025\/10\/20190107_110023-300x146.jpg 300w, https:\/\/roypa.com.ve\/wp-content\/uploads\/2025\/10\/20190107_110023-768x374.jpg 768w\" sizes=\"auto, (max-width: 1024px) 100vw, 1024px\" \/><\/li>\n                <li style=\"display: none; width: 100%;\" class=\"slide-733 ms-image \" aria-roledescription=\"slide\" data-date=\"2025-10-08 14:06:44\" data-filename=\"20181220_144610.jpg\" data-slide-type=\"image\"><img loading=\"lazy\" decoding=\"async\" width=\"1024\" height=\"768\" src=\"https:\/\/roypa.com.ve\/wp-content\/uploads\/2025\/10\/20181220_144610.jpg\" class=\"slider-717 slide-733 msDefaultImage\" alt=\"\" rel=\"\" title=\"20181220_144610\" srcset=\"https:\/\/roypa.com.ve\/wp-content\/uploads\/2025\/10\/20181220_144610.jpg 1024w, https:\/\/roypa.com.ve\/wp-content\/uploads\/2025\/10\/20181220_144610-300x225.jpg 300w, https:\/\/roypa.com.ve\/wp-content\/uploads\/2025\/10\/20181220_144610-768x576.jpg 768w\" sizes=\"auto, (max-width: 1024px) 100vw, 1024px\" \/><\/li>\n                <li style=\"display: none; width: 100%;\" class=\"slide-736 ms-image \" aria-roledescription=\"slide\" data-date=\"2025-10-08 14:06:44\" data-filename=\"20190502_093517.jpg\" data-slide-type=\"image\"><img loading=\"lazy\" decoding=\"async\" width=\"1024\" height=\"768\" src=\"https:\/\/roypa.com.ve\/wp-content\/uploads\/2025\/10\/20190502_093517.jpg\" class=\"slider-717 slide-736 msDefaultImage\" alt=\"\" rel=\"\" title=\"20190502_093517\" srcset=\"https:\/\/roypa.com.ve\/wp-content\/uploads\/2025\/10\/20190502_093517.jpg 1024w, https:\/\/roypa.com.ve\/wp-content\/uploads\/2025\/10\/20190502_093517-300x225.jpg 300w, https:\/\/roypa.com.ve\/wp-content\/uploads\/2025\/10\/20190502_093517-768x576.jpg 768w\" sizes=\"auto, (max-width: 1024px) 100vw, 1024px\" \/><\/li>\n            <\/ul>\n        <\/div>\n        \n    <\/div>\n<\/div><\/div>\n","protected":false},"excerpt":{"rendered":"<p>Ingenier\u00eda y Fabricaci\u00f3n de M\u00f3dulos escolares a 2 y 4 aguas para el Grupo Santa Ana (G.S.A)<\/p>\n","protected":false},"author":1,"featured_media":0,"parent":0,"menu_order":0,"comment_status":"closed","ping_status":"closed","template":"","meta":{"_crdt_document":"","footnotes":""},"class_list":["post-715","page","type-page","status-publish","hentry"],"_links":{"self":[{"href":"https:\/\/roypa.com.ve\/index.php\/wp-json\/wp\/v2\/pages\/715","targetHints":{"allow":["GET"]}}],"collection":[{"href":"https:\/\/roypa.com.ve\/index.php\/wp-json\/wp\/v2\/pages"}],"about":[{"href":"https:\/\/roypa.com.ve\/index.php\/wp-json\/wp\/v2\/types\/page"}],"author":[{"embeddable":true,"href":"https:\/\/roypa.com.ve\/index.php\/wp-json\/wp\/v2\/users\/1"}],"replies":[{"embeddable":true,"href":"https:\/\/roypa.com.ve\/index.php\/wp-json\/wp\/v2\/comments?post=715"}],"version-history":[{"count":3,"href":"https:\/\/roypa.com.ve\/index.php\/wp-json\/wp\/v2\/pages\/715\/revisions"}],"predecessor-version":[{"id":745,"href":"https:\/\/roypa.com.ve\/index.php\/wp-json\/wp\/v2\/pages\/715\/revisions\/745"}],"wp:attachment":[{"href":"https:\/\/roypa.com.ve\/index.php\/wp-json\/wp\/v2\/media?parent=715"}],"curies":[{"name":"wp","href":"https:\/\/api.w.org\/{rel}","templated":true}]}}