{"id":800,"date":"2025-10-29T19:03:50","date_gmt":"2025-10-29T19:03:50","guid":{"rendered":"https:\/\/roypa.com.ve\/?page_id=800"},"modified":"2025-11-25T15:02:52","modified_gmt":"2025-11-25T15:02:52","slug":"800-2","status":"publish","type":"page","link":"https:\/\/roypa.com.ve\/","title":{"rendered":"Inversiones ROYPA,S.A"},"content":{"rendered":"\n<figure class=\"wp-block-image aligncenter size-full is-resized\"><img loading=\"lazy\" decoding=\"async\" width=\"956\" height=\"781\" src=\"https:\/\/roypa.com.ve\/wp-content\/uploads\/2025\/10\/LOGO-2018rev-1.png\" alt=\"\" class=\"wp-image-805\" style=\"aspect-ratio:1.2240868706811452;width:306px;height:auto\" srcset=\"https:\/\/roypa.com.ve\/wp-content\/uploads\/2025\/10\/LOGO-2018rev-1.png 956w, https:\/\/roypa.com.ve\/wp-content\/uploads\/2025\/10\/LOGO-2018rev-1-300x245.png 300w, https:\/\/roypa.com.ve\/wp-content\/uploads\/2025\/10\/LOGO-2018rev-1-768x627.png 768w\" sizes=\"auto, (max-width: 956px) 100vw, 956px\" \/><\/figure>\n\n\n<p class=\"has-text-align-center\" style=\"text-align: justify;\">INVERSIONES ROYPA, S. A. inici\u00f3 sus actividades con el prop\u00f3sito de prestar servicios y cubrir las necesidades de la industria petrolera nacional e internacional, adapt\u00e1ndose a las necesidades y exigencias del mercado, adquiriendo y aplicando tecnolog\u00eda de punta en sus procesos. Desde sus inicios la Empresa cuenta con un personal altamente calificado y especializado y en continuo entrenamiento y en desarrollo de nuevos rubros y tecnolog\u00edas, ofreciendo soluciones de ingenier\u00edas adaptadas a las necesidades de nuestros clientes en el desarrollo de proyectos competentes en Calidad, Costo y Tiempo.<\/p>\n\n\n<p class=\"wp-block-paragraph\"><\/p>\n\n\n\n<figure class=\"wp-block-gallery has-nested-images columns-default is-cropped wp-block-gallery-1 is-layout-flex wp-block-gallery-is-layout-flex\">\n<figure class=\"wp-block-image size-large\"><a href=\"https:\/\/roypa.com.ve\/index.php\/servicio-para-el-mantenimiento-de-calentadores-de-la-estacion-de-descarga-med-18-operada-por-la-empresa-mixta-petrolera-venangocupet-s-a\/\"><img loading=\"lazy\" decoding=\"async\" width=\"960\" height=\"964\" data-id=\"674\" src=\"https:\/\/roypa.com.ve\/wp-content\/uploads\/2025\/10\/IMG-20250801-WA0228.jpg\" alt=\"\" class=\"wp-image-674\" srcset=\"https:\/\/roypa.com.ve\/wp-content\/uploads\/2025\/10\/IMG-20250801-WA0228.jpg 960w, https:\/\/roypa.com.ve\/wp-content\/uploads\/2025\/10\/IMG-20250801-WA0228-300x300.jpg 300w, https:\/\/roypa.com.ve\/wp-content\/uploads\/2025\/10\/IMG-20250801-WA0228-150x150.jpg 150w, https:\/\/roypa.com.ve\/wp-content\/uploads\/2025\/10\/IMG-20250801-WA0228-768x771.jpg 768w\" sizes=\"auto, (max-width: 960px) 100vw, 960px\" \/><\/a><\/figure>\n\n\n\n<figure class=\"wp-block-image size-full\"><a href=\"https:\/\/roypa.com.ve\/index.php\/mantenimiento-menor-a-tanque-e-5231-de-5-mbls-ubicado-en-la-estacion-nipa-12-de-la-empresa-mixta-petrolera-vencupet-s-a\/\"><img loading=\"lazy\" decoding=\"async\" width=\"780\" height=\"1040\" data-id=\"405\" src=\"https:\/\/roypa.com.ve\/wp-content\/uploads\/2025\/03\/IM8ED41.jpg\" alt=\"\" class=\"wp-image-405\" srcset=\"https:\/\/roypa.com.ve\/wp-content\/uploads\/2025\/03\/IM8ED41.jpg 780w, https:\/\/roypa.com.ve\/wp-content\/uploads\/2025\/03\/IM8ED41-225x300.jpg 225w, https:\/\/roypa.com.ve\/wp-content\/uploads\/2025\/03\/IM8ED41-768x1024.jpg 768w\" sizes=\"auto, (max-width: 780px) 100vw, 780px\" \/><\/a><\/figure>\n\n\n\n<figure class=\"wp-block-image size-full\"><a href=\"https:\/\/roypa.com.ve\/index.php\/montaje-de-la-planta-de-alimentos-balanceados-para-tecnal-brasil\/\"><img loading=\"lazy\" decoding=\"async\" width=\"1024\" height=\"768\" data-id=\"347\" src=\"https:\/\/roypa.com.ve\/wp-content\/uploads\/2024\/10\/IMG_2007-2.jpg\" alt=\"\" class=\"wp-image-347\" srcset=\"https:\/\/roypa.com.ve\/wp-content\/uploads\/2024\/10\/IMG_2007-2.jpg 1024w, https:\/\/roypa.com.ve\/wp-content\/uploads\/2024\/10\/IMG_2007-2-300x225.jpg 300w, https:\/\/roypa.com.ve\/wp-content\/uploads\/2024\/10\/IMG_2007-2-768x576.jpg 768w\" sizes=\"auto, (max-width: 1024px) 100vw, 1024px\" \/><\/a><\/figure>\n<\/figure>\n\n\n\n<div class=\"wp-block-group is-nowrap is-layout-flex wp-container-core-group-is-layout-3a88641f wp-block-group-is-layout-flex\">\n<figure class=\"wp-block-video alignleft\"><video height=\"288\" style=\"aspect-ratio: 512 \/ 288;\" width=\"512\" controls src=\"https:\/\/roypa.com.ve\/wp-content\/uploads\/2025\/10\/20171128_141318-11.mp4\"><\/video><\/figure>\n\n\n\n<figure class=\"wp-block-video\"><video height=\"288\" style=\"aspect-ratio: 162 \/ 288;\" width=\"162\" controls src=\"https:\/\/roypa.com.ve\/wp-content\/uploads\/2025\/10\/20170823_080102-11.mp4\"><\/video><\/figure>\n<\/div>\n\n\n\n<p class=\"wp-block-paragraph\"><\/p>\n","protected":false},"excerpt":{"rendered":"<p>INVERSIONES ROYPA, S. A. inici\u00f3 sus actividades con el prop\u00f3sito de prestar servicios y cubrir las necesidades de la industria petrolera nacional e internacional, adapt\u00e1ndose a las necesidades y exigencias del mercado, adquiriendo y aplicando tecnolog\u00eda de punta en sus procesos. Desde sus inicios la Empresa cuenta con un personal altamente calificado y especializado y [&hellip;]<\/p>\n","protected":false},"author":1,"featured_media":0,"parent":0,"menu_order":0,"comment_status":"closed","ping_status":"closed","template":"","meta":{"_crdt_document":"","footnotes":""},"class_list":["post-800","page","type-page","status-publish","hentry"],"_links":{"self":[{"href":"https:\/\/roypa.com.ve\/index.php\/wp-json\/wp\/v2\/pages\/800","targetHints":{"allow":["GET"]}}],"collection":[{"href":"https:\/\/roypa.com.ve\/index.php\/wp-json\/wp\/v2\/pages"}],"about":[{"href":"https:\/\/roypa.com.ve\/index.php\/wp-json\/wp\/v2\/types\/page"}],"author":[{"embeddable":true,"href":"https:\/\/roypa.com.ve\/index.php\/wp-json\/wp\/v2\/users\/1"}],"replies":[{"embeddable":true,"href":"https:\/\/roypa.com.ve\/index.php\/wp-json\/wp\/v2\/comments?post=800"}],"version-history":[{"count":8,"href":"https:\/\/roypa.com.ve\/index.php\/wp-json\/wp\/v2\/pages\/800\/revisions"}],"predecessor-version":[{"id":850,"href":"https:\/\/roypa.com.ve\/index.php\/wp-json\/wp\/v2\/pages\/800\/revisions\/850"}],"wp:attachment":[{"href":"https:\/\/roypa.com.ve\/index.php\/wp-json\/wp\/v2\/media?parent=800"}],"curies":[{"name":"wp","href":"https:\/\/api.w.org\/{rel}","templated":true}]}}